{"id":154,"date":"2024-11-08T06:16:51","date_gmt":"2024-11-08T06:16:51","guid":{"rendered":"https:\/\/www.wanderingvenezuela.com\/?page_id=154"},"modified":"2024-11-13T11:25:45","modified_gmt":"2024-11-13T11:25:45","slug":"tepuis-orinoco-and-guianan-birds-tour","status":"publish","type":"page","link":"https:\/\/www.wanderingvenezuela.com\/es\/tepuis-orinoco-and-guianan-birds-tour\/","title":{"rendered":"Tour de tepuyes, Orinoco y aves guayanesas"},"content":{"rendered":"<div data-elementor-type=\"wp-page\" data-elementor-id=\"154\" class=\"elementor elementor-154\" data-elementor-post-type=\"page\">\n\t\t\t\t<div class=\"elementor-element elementor-element-eeeafff e-flex e-con-boxed e-con e-parent\" data-id=\"eeeafff\" data-element_type=\"container\">\n\t\t\t\t\t<div class=\"e-con-inner\">\n\t\t<div class=\"elementor-element elementor-element-b1140d9 e-con-full e-flex e-con e-child\" data-id=\"b1140d9\" data-element_type=\"container\" data-settings=\"{&quot;background_background&quot;:&quot;slideshow&quot;,&quot;background_slideshow_gallery&quot;:[{&quot;id&quot;:220,&quot;url&quot;:&quot;https:\\\/\\\/www.wanderingvenezuela.com\\\/wp-content\\\/uploads\\\/2024\\\/11\\\/Tepuis-1.jpg&quot;},{&quot;id&quot;:221,&quot;url&quot;:&quot;https:\\\/\\\/www.wanderingvenezuela.com\\\/wp-content\\\/uploads\\\/2024\\\/11\\\/Tepuis-2.jpg&quot;},{&quot;id&quot;:222,&quot;url&quot;:&quot;https:\\\/\\\/www.wanderingvenezuela.com\\\/wp-content\\\/uploads\\\/2024\\\/11\\\/Tepuis-3.jpg&quot;}],&quot;background_slideshow_ken_burns&quot;:&quot;yes&quot;,&quot;background_slideshow_loop&quot;:&quot;yes&quot;,&quot;background_slideshow_slide_duration&quot;:5000,&quot;background_slideshow_slide_transition&quot;:&quot;fade&quot;,&quot;background_slideshow_transition_duration&quot;:500,&quot;background_slideshow_ken_burns_zoom_direction&quot;:&quot;in&quot;}\">\n\t\t\t\t<\/div>\n\t\t<div class=\"elementor-element elementor-element-dcad809 e-con-full e-flex e-con e-child\" data-id=\"dcad809\" data-element_type=\"container\">\n\t\t\t\t<div class=\"elementor-element elementor-element-603b6b1 elementor-widget elementor-widget-heading\" data-id=\"603b6b1\" data-element_type=\"widget\" data-widget_type=\"heading.default\">\n\t\t\t\t<div class=\"elementor-widget-container\">\n\t\t\t\t\t<h2 class=\"elementor-heading-title elementor-size-default\">Tour de tepuyes, Orinoco y aves guayanesas<\/h2>\t\t\t\t<\/div>\n\t\t\t\t<\/div>\n\t\t\t\t<div class=\"elementor-element elementor-element-17b609a elementor-icon-list--layout-inline elementor-list-item-link-full_width elementor-widget elementor-widget-icon-list\" data-id=\"17b609a\" data-element_type=\"widget\" data-widget_type=\"icon-list.default\">\n\t\t\t\t<div class=\"elementor-widget-container\">\n\t\t\t\t\t\t\t<ul class=\"elementor-icon-list-items elementor-inline-items\">\n\t\t\t\t\t\t\t<li class=\"elementor-icon-list-item elementor-inline-item\">\n\t\t\t\t\t\t\t\t\t\t\t<span class=\"elementor-icon-list-icon\">\n\t\t\t\t\t\t\t<svg aria-hidden=\"true\" class=\"e-font-icon-svg e-fas-moon\" viewbox=\"0 0 512 512\" xmlns=\"http:\/\/www.w3.org\/2000\/svg\"><path d=\"M283.211 512c78.962 0 151.079-35.925 198.857-94.792 7.068-8.708-.639-21.43-11.562-19.35-124.203 23.654-238.262-71.576-238.262-196.954 0-72.222 38.662-138.635 101.498-174.394 9.686-5.512 7.25-20.197-3.756-22.23A258.156 258.156 0 0 0 283.211 0c-141.309 0-256 114.511-256 256 0 141.309 114.511 256 256 256z\"><\/path><\/svg>\t\t\t\t\t\t<\/span>\n\t\t\t\t\t\t\t\t\t\t<span class=\"elementor-icon-list-text\">15 Noches\/16 D\u00edas<\/span>\n\t\t\t\t\t\t\t\t\t<\/li>\n\t\t\t\t\t\t\t\t<li class=\"elementor-icon-list-item elementor-inline-item\">\n\t\t\t\t\t\t\t\t\t\t\t<span class=\"elementor-icon-list-icon\">\n\t\t\t\t\t\t\t<svg aria-hidden=\"true\" class=\"e-font-icon-svg e-fas-binoculars\" viewbox=\"0 0 512 512\" xmlns=\"http:\/\/www.w3.org\/2000\/svg\"><path d=\"M416 48c0-8.84-7.16-16-16-16h-64c-8.84 0-16 7.16-16 16v48h96V48zM63.91 159.99C61.4 253.84 3.46 274.22 0 404v44c0 17.67 14.33 32 32 32h96c17.67 0 32-14.33 32-32V288h32V128H95.84c-17.63 0-31.45 14.37-31.93 31.99zm384.18 0c-.48-17.62-14.3-31.99-31.93-31.99H320v160h32v160c0 17.67 14.33 32 32 32h96c17.67 0 32-14.33 32-32v-44c-3.46-129.78-61.4-150.16-63.91-244.01zM176 32h-64c-8.84 0-16 7.16-16 16v48h96V48c0-8.84-7.16-16-16-16zm48 256h64V128h-64v160z\"><\/path><\/svg>\t\t\t\t\t\t<\/span>\n\t\t\t\t\t\t\t\t\t\t<span class=\"elementor-icon-list-text\">6 observadores de aves como m\u00e1ximo<\/span>\n\t\t\t\t\t\t\t\t\t<\/li>\n\t\t\t\t\t\t<\/ul>\n\t\t\t\t\t\t<\/div>\n\t\t\t\t<\/div>\n\t\t\t\t<div class=\"elementor-element elementor-element-fada582 elementor-widget-divider--view-line elementor-widget elementor-widget-divider\" data-id=\"fada582\" data-element_type=\"widget\" data-widget_type=\"divider.default\">\n\t\t\t\t<div class=\"elementor-widget-container\">\n\t\t\t\t\t\t\t<div class=\"elementor-divider\">\n\t\t\t<span class=\"elementor-divider-separator\">\n\t\t\t\t\t\t<\/span>\n\t\t<\/div>\n\t\t\t\t\t\t<\/div>\n\t\t\t\t<\/div>\n\t\t\t\t<div class=\"elementor-element elementor-element-081208b elementor-widget elementor-widget-text-editor\" data-id=\"081208b\" data-element_type=\"widget\" data-widget_type=\"text-editor.default\">\n\t\t\t\t<div class=\"elementor-widget-container\">\n\t\t\t\t\t\t\t\t\t<p>Discover the hidden birding treasures of Venezuela with our <strong>Tepuis, Orinoco, and Guianan Birding Tour<\/strong>. <\/p><p>Durante 16 d\u00edas, sum\u00e9rgete en los impresionantes paisajes de la Sierra de Lema, ubicada al borde de la Gran Sabana en el Parque Nacional Canaima, cruzando los bosques de tierras bajas de Guayana hasta el vibrante r\u00edo Orinoco, famoso por sus diversos humedales, islas y llanuras aluviales. Experimente la incre\u00edble biodiversidad que atrae una amplia gama de especies de aves, \u00a1mas de 550 especies! Este recorrido ofrece una exploraci\u00f3n de bosques nubosos  y extensos paisajes de tepuyes, donde encontrar\u00e1 aves raras y end\u00e9micas como el <strong>Pechidor Tepui, el frug\u00edvoro de banda naranja<\/strong>y el escurridizo <strong>Tinamou Tepui<\/strong>.<\/p><p>Perfectamente dise\u00f1ado para observadores de aves y fot\u00f3grafos que buscan aves \u00fanicas, nuestro recorrido brinda una oportunidad \u00fanica de observar algunas de las especies de aves m\u00e1s esquivas de Venezuela en ambientes pr\u00edstinos y v\u00edrgenes. \u00a1\u00danase a nosotros para una inolvidable aventura de observaci\u00f3n de aves en una de las regiones con mayor biodiversidad del mundo!<\/p>\t\t\t\t\t\t\t\t<\/div>\n\t\t\t\t<\/div>\n\t\t\t\t<div class=\"elementor-element elementor-element-d92cb8b elementor-align-left elementor-widget elementor-widget-button\" data-id=\"d92cb8b\" data-element_type=\"widget\" data-widget_type=\"button.default\">\n\t\t\t\t<div class=\"elementor-widget-container\">\n\t\t\t\t\t\t\t\t\t<div class=\"elementor-button-wrapper\">\n\t\t\t\t\t<a class=\"elementor-button elementor-button-link elementor-size-sm\" href=\"#contact\">\n\t\t\t\t\t\t<span class=\"elementor-button-content-wrapper\">\n\t\t\t\t\t\t\t\t\t<span class=\"elementor-button-text\">Reserve ahora<\/span>\n\t\t\t\t\t<\/span>\n\t\t\t\t\t<\/a>\n\t\t\t\t<\/div>\n\t\t\t\t\t\t\t\t<\/div>\n\t\t\t\t<\/div>\n\t\t\t\t<\/div>\n\t\t\t\t\t<\/div>\n\t\t\t\t<\/div>\n\t\t<div class=\"elementor-element elementor-element-be90754 e-flex e-con-boxed e-con e-parent\" data-id=\"be90754\" data-element_type=\"container\" data-settings=\"{&quot;background_background&quot;:&quot;classic&quot;}\">\n\t\t\t\t\t<div class=\"e-con-inner\">\n\t\t\t\t<div class=\"elementor-element elementor-element-12313bb elementor-widget elementor-widget-heading\" data-id=\"12313bb\" data-element_type=\"widget\" data-widget_type=\"heading.default\">\n\t\t\t\t<div class=\"elementor-widget-container\">\n\t\t\t\t\t<h2 class=\"elementor-heading-title elementor-size-default\">Resaltar aves<\/h2>\t\t\t\t<\/div>\n\t\t\t\t<\/div>\n\t\t\t\t<div class=\"elementor-element elementor-element-d1e370a elementor-widget elementor-widget-text-editor\" data-id=\"d1e370a\" data-element_type=\"widget\" data-widget_type=\"text-editor.default\">\n\t\t\t\t<div class=\"elementor-widget-container\">\n\t\t\t\t\t\t\t\t\t<p>Tepui Tinamou &#8211; Crypturellus ptaritepui<br \/>Tepui Goldenthroat &#8211; Polytmus milleri<br \/>Ashy-tailed Swift &#8211; Chaetura andrei<br \/>Carrizal Seedeater &#8211; Amaurospiza carrizalensis<br \/>Delta Amacuro Softtail &#8211; Thripophaga amacurensis<br \/>Rio Orinoco Spinetail &#8211; Synallaxis beverlyae<br \/>Roraiman Nightjar &#8211; Setopagis whitelyi<br \/>Peacock Coquette &#8211; Lophornis pavoninus<br \/>Tepui Toucanet &#8211; Aulacorhynchus whitelianus<br \/>Roraiman Antwren &#8211; Herpsilochmus roraimae<br \/>Roraiman Barbtail &#8211; Roraimia adusta<br \/>Tepui Antpitta &#8211; Myrmothera simplex<br \/>Guianan Cock-of-the-rock &#8211; Rupicola rupicola<br \/>Rose-collared Piha &#8211; Lipaugus streptophorus<br \/>Greater Flowerpiercer &#8211; Diglossa major<br \/>Black-fronted Tyrannulet &#8211; Phylloscartes nigrifrons<br \/>Ruddy Tody-Flycatcher &#8211; Poecilotriccus russatus<br \/>Tepui Elaenia &#8211; Elaenia olivina<br \/>Tepui Brushfinch &#8211; Atlapetes personatus<br \/>Tepui Redstart &#8211; Myioborus castaneocapilla<\/p>\t\t\t\t\t\t\t\t<\/div>\n\t\t\t\t<\/div>\n\t\t\t\t<div class=\"elementor-element elementor-element-1388059 elementor-align-center elementor-widget elementor-widget-button\" data-id=\"1388059\" data-element_type=\"widget\" data-widget_type=\"button.default\">\n\t\t\t\t<div class=\"elementor-widget-container\">\n\t\t\t\t\t\t\t\t\t<div class=\"elementor-button-wrapper\">\n\t\t\t\t\t<a class=\"elementor-button elementor-button-link elementor-size-sm\" href=\"#contact\">\n\t\t\t\t\t\t<span class=\"elementor-button-content-wrapper\">\n\t\t\t\t\t\t\t\t\t<span class=\"elementor-button-text\">Reserve ahora<\/span>\n\t\t\t\t\t<\/span>\n\t\t\t\t\t<\/a>\n\t\t\t\t<\/div>\n\t\t\t\t\t\t\t\t<\/div>\n\t\t\t\t<\/div>\n\t\t\t\t\t<\/div>\n\t\t\t\t<\/div>\n\t\t<div class=\"elementor-element elementor-element-94fd103 e-flex e-con-boxed e-con e-parent\" data-id=\"94fd103\" data-element_type=\"container\">\n\t\t\t\t\t<div class=\"e-con-inner\">\n\t\t\t\t<div class=\"elementor-element elementor-element-29ef789 elementor-widget elementor-widget-heading\" data-id=\"29ef789\" data-element_type=\"widget\" data-widget_type=\"heading.default\">\n\t\t\t\t<div class=\"elementor-widget-container\">\n\t\t\t\t\t<h2 class=\"elementor-heading-title elementor-size-default\">Galeria<\/h2>\t\t\t\t<\/div>\n\t\t\t\t<\/div>\n\t\t\t\t<div class=\"elementor-element elementor-element-4403efe elementor-widget elementor-widget-image-carousel\" data-id=\"4403efe\" data-element_type=\"widget\" data-settings=\"{&quot;slides_to_show&quot;:&quot;3&quot;,&quot;navigation&quot;:&quot;none&quot;,&quot;autoplay&quot;:&quot;yes&quot;,&quot;pause_on_hover&quot;:&quot;yes&quot;,&quot;pause_on_interaction&quot;:&quot;yes&quot;,&quot;autoplay_speed&quot;:5000,&quot;infinite&quot;:&quot;yes&quot;,&quot;speed&quot;:500}\" data-widget_type=\"image-carousel.default\">\n\t\t\t\t<div class=\"elementor-widget-container\">\n\t\t\t\t\t\t\t<div class=\"elementor-image-carousel-wrapper swiper\" role=\"region\" aria-roledescription=\"carousel\" aria-label=\"Image Carousel\" dir=\"ltr\">\n\t\t\t<div class=\"elementor-image-carousel swiper-wrapper\" aria-live=\"off\">\n\t\t\t\t\t\t\t\t<div class=\"swiper-slide\" role=\"group\" aria-roledescription=\"slide\" aria-label=\"1 of 3\"><figure class=\"swiper-slide-inner\"><img decoding=\"async\" class=\"swiper-slide-image\" src=\"https:\/\/www.wanderingvenezuela.com\/wp-content\/uploads\/elementor\/thumbs\/Tepuis-1-1-qwztvlipou3mmvyw6k371ns6obbrb6jnd8dt1o5wjk.jpg\" alt=\"Tepuis-1\" \/><\/figure><\/div><div class=\"swiper-slide\" role=\"group\" aria-roledescription=\"slide\" aria-label=\"2 of 3\"><figure class=\"swiper-slide-inner\"><img decoding=\"async\" class=\"swiper-slide-image\" src=\"https:\/\/www.wanderingvenezuela.com\/wp-content\/uploads\/elementor\/thumbs\/Tepuis-2-1-qwztvnee2i67a3w5vkwg6nb3v32hqkr41hos083474.jpg\" alt=\"Tepuis-2\" \/><\/figure><\/div><div class=\"swiper-slide\" role=\"group\" aria-roledescription=\"slide\" aria-label=\"3 of 3\"><figure class=\"swiper-slide-inner\"><img decoding=\"async\" class=\"swiper-slide-image\" src=\"https:\/\/www.wanderingvenezuela.com\/wp-content\/uploads\/elementor\/thumbs\/Tepuis-3-1-qwztvoc89c7hlpusq3b2r52kggxuy9uudmc9hi1q0w.jpg\" alt=\"Tepuis-3\" \/><\/figure><\/div>\t\t\t<\/div>\n\t\t\t\t\t\t\t\n\t\t\t\t\t\t\t\t\t<\/div>\n\t\t\t\t\t\t<\/div>\n\t\t\t\t<\/div>\n\t\t\t\t\t<\/div>\n\t\t\t\t<\/div>\n\t\t\t\t<\/div>","protected":false},"excerpt":{"rendered":"<p>Tepuis, Orinoco, and Guianan Birds Tour 15 nights\/16 Days 6 Birders Max Discover the hidden birding treasures of Venezuela with our Tepuis, Orinoco, and Guianan Birding Tour. Over 16 days, immerse yourself in the breathtaking landscapes of Sierra de Lema, located at the edge of the Gran Sabana in the Canaima National Park, crossing the [&hellip;]<\/p>","protected":false},"author":1,"featured_media":0,"parent":0,"menu_order":0,"comment_status":"closed","ping_status":"closed","template":"elementor_header_footer","meta":{"footnotes":""},"class_list":["post-154","page","type-page","status-publish","hentry"],"_links":{"self":[{"href":"https:\/\/www.wanderingvenezuela.com\/es\/wp-json\/wp\/v2\/pages\/154","targetHints":{"allow":["GET"]}}],"collection":[{"href":"https:\/\/www.wanderingvenezuela.com\/es\/wp-json\/wp\/v2\/pages"}],"about":[{"href":"https:\/\/www.wanderingvenezuela.com\/es\/wp-json\/wp\/v2\/types\/page"}],"author":[{"embeddable":true,"href":"https:\/\/www.wanderingvenezuela.com\/es\/wp-json\/wp\/v2\/users\/1"}],"replies":[{"embeddable":true,"href":"https:\/\/www.wanderingvenezuela.com\/es\/wp-json\/wp\/v2\/comments?post=154"}],"version-history":[{"count":0,"href":"https:\/\/www.wanderingvenezuela.com\/es\/wp-json\/wp\/v2\/pages\/154\/revisions"}],"wp:attachment":[{"href":"https:\/\/www.wanderingvenezuela.com\/es\/wp-json\/wp\/v2\/media?parent=154"}],"curies":[{"name":"wp","href":"https:\/\/api.w.org\/{rel}","templated":true}]}}