{"id":176,"date":"2024-11-08T06:36:53","date_gmt":"2024-11-08T06:36:53","guid":{"rendered":"https:\/\/www.wanderingvenezuela.com\/?page_id=176"},"modified":"2024-11-13T11:24:41","modified_gmt":"2024-11-13T11:24:41","slug":"venezuelan-andes-to-llanos-birds-tour","status":"publish","type":"page","link":"https:\/\/www.wanderingvenezuela.com\/es\/venezuelan-andes-to-llanos-birds-tour\/","title":{"rendered":"Tour de Aves de los Andes Venezolanos a los Llanos"},"content":{"rendered":"<div data-elementor-type=\"wp-page\" data-elementor-id=\"176\" class=\"elementor elementor-176\" data-elementor-post-type=\"page\">\n\t\t\t\t<div class=\"elementor-element elementor-element-6945bf6c e-flex e-con-boxed e-con e-parent\" data-id=\"6945bf6c\" data-element_type=\"container\">\n\t\t\t\t\t<div class=\"e-con-inner\">\n\t\t<div class=\"elementor-element elementor-element-343ee503 e-con-full e-flex e-con e-child\" data-id=\"343ee503\" data-element_type=\"container\" data-settings=\"{&quot;background_background&quot;:&quot;slideshow&quot;,&quot;background_slideshow_gallery&quot;:[{&quot;id&quot;:230,&quot;url&quot;:&quot;https:\\\/\\\/www.wanderingvenezuela.com\\\/wp-content\\\/uploads\\\/2024\\\/11\\\/Andes-1.jpg&quot;},{&quot;id&quot;:231,&quot;url&quot;:&quot;https:\\\/\\\/www.wanderingvenezuela.com\\\/wp-content\\\/uploads\\\/2024\\\/11\\\/Andes-2.jpg&quot;}],&quot;background_slideshow_ken_burns&quot;:&quot;yes&quot;,&quot;background_slideshow_loop&quot;:&quot;yes&quot;,&quot;background_slideshow_slide_duration&quot;:5000,&quot;background_slideshow_slide_transition&quot;:&quot;fade&quot;,&quot;background_slideshow_transition_duration&quot;:500,&quot;background_slideshow_ken_burns_zoom_direction&quot;:&quot;in&quot;}\">\n\t\t\t\t<\/div>\n\t\t<div class=\"elementor-element elementor-element-d6cacbc e-con-full e-flex e-con e-child\" data-id=\"d6cacbc\" data-element_type=\"container\">\n\t\t\t\t<div class=\"elementor-element elementor-element-b4540c elementor-widget elementor-widget-heading\" data-id=\"b4540c\" data-element_type=\"widget\" data-widget_type=\"heading.default\">\n\t\t\t\t<div class=\"elementor-widget-container\">\n\t\t\t\t\t<h2 class=\"elementor-heading-title elementor-size-default\">Tour de Aves de los Andes Venezolanos a los Llanos<\/h2>\t\t\t\t<\/div>\n\t\t\t\t<\/div>\n\t\t\t\t<div class=\"elementor-element elementor-element-1c528f0a elementor-icon-list--layout-inline elementor-list-item-link-full_width elementor-widget elementor-widget-icon-list\" data-id=\"1c528f0a\" data-element_type=\"widget\" data-widget_type=\"icon-list.default\">\n\t\t\t\t<div class=\"elementor-widget-container\">\n\t\t\t\t\t\t\t<ul class=\"elementor-icon-list-items elementor-inline-items\">\n\t\t\t\t\t\t\t<li class=\"elementor-icon-list-item elementor-inline-item\">\n\t\t\t\t\t\t\t\t\t\t\t<span class=\"elementor-icon-list-icon\">\n\t\t\t\t\t\t\t<svg aria-hidden=\"true\" class=\"e-font-icon-svg e-fas-moon\" viewbox=\"0 0 512 512\" xmlns=\"http:\/\/www.w3.org\/2000\/svg\"><path d=\"M283.211 512c78.962 0 151.079-35.925 198.857-94.792 7.068-8.708-.639-21.43-11.562-19.35-124.203 23.654-238.262-71.576-238.262-196.954 0-72.222 38.662-138.635 101.498-174.394 9.686-5.512 7.25-20.197-3.756-22.23A258.156 258.156 0 0 0 283.211 0c-141.309 0-256 114.511-256 256 0 141.309 114.511 256 256 256z\"><\/path><\/svg>\t\t\t\t\t\t<\/span>\n\t\t\t\t\t\t\t\t\t\t<span class=\"elementor-icon-list-text\">15 Noches\/16 D\u00edas<\/span>\n\t\t\t\t\t\t\t\t\t<\/li>\n\t\t\t\t\t\t\t\t<li class=\"elementor-icon-list-item elementor-inline-item\">\n\t\t\t\t\t\t\t\t\t\t\t<span class=\"elementor-icon-list-icon\">\n\t\t\t\t\t\t\t<svg aria-hidden=\"true\" class=\"e-font-icon-svg e-fas-binoculars\" viewbox=\"0 0 512 512\" xmlns=\"http:\/\/www.w3.org\/2000\/svg\"><path d=\"M416 48c0-8.84-7.16-16-16-16h-64c-8.84 0-16 7.16-16 16v48h96V48zM63.91 159.99C61.4 253.84 3.46 274.22 0 404v44c0 17.67 14.33 32 32 32h96c17.67 0 32-14.33 32-32V288h32V128H95.84c-17.63 0-31.45 14.37-31.93 31.99zm384.18 0c-.48-17.62-14.3-31.99-31.93-31.99H320v160h32v160c0 17.67 14.33 32 32 32h96c17.67 0 32-14.33 32-32v-44c-3.46-129.78-61.4-150.16-63.91-244.01zM176 32h-64c-8.84 0-16 7.16-16 16v48h96V48c0-8.84-7.16-16-16-16zm48 256h64V128h-64v160z\"><\/path><\/svg>\t\t\t\t\t\t<\/span>\n\t\t\t\t\t\t\t\t\t\t<span class=\"elementor-icon-list-text\">6 observadores de aves como m\u00e1ximo<\/span>\n\t\t\t\t\t\t\t\t\t<\/li>\n\t\t\t\t\t\t<\/ul>\n\t\t\t\t\t\t<\/div>\n\t\t\t\t<\/div>\n\t\t\t\t<div class=\"elementor-element elementor-element-2ff2496b elementor-widget-divider--view-line elementor-widget elementor-widget-divider\" data-id=\"2ff2496b\" data-element_type=\"widget\" data-widget_type=\"divider.default\">\n\t\t\t\t<div class=\"elementor-widget-container\">\n\t\t\t\t\t\t\t<div class=\"elementor-divider\">\n\t\t\t<span class=\"elementor-divider-separator\">\n\t\t\t\t\t\t<\/span>\n\t\t<\/div>\n\t\t\t\t\t\t<\/div>\n\t\t\t\t<\/div>\n\t\t\t\t<div class=\"elementor-element elementor-element-441bd81e elementor-widget elementor-widget-text-editor\" data-id=\"441bd81e\" data-element_type=\"widget\" data-widget_type=\"text-editor.default\">\n\t\t\t\t<div class=\"elementor-widget-container\">\n\t\t\t\t\t\t\t\t\t<p>Emb\u00e1rquese en una inolvidable aventura de observaci\u00f3n de aves con nuestro <strong>Tour de Aves de los Andes Venezolanos a los Llanos<\/strong>Durante 16 d\u00edas, explore los impresionantes paisajes de los <strong>Andes venezolanos<\/strong>donde majestuosas monta\u00f1as y bosques nubosos se convierten en los vibrantes humedales y las infinitas sabanas de los <strong>Llanos<\/strong>.<\/p><p>Este recorrido meticulosamente elaborado lo lleva desde <strong>M\u00e9rida<\/strong> a <strong>Trujillo<\/strong>, <strong>Barinas<\/strong>y <strong>Yaracuy<\/strong>, permiti\u00e9ndole experimentar una variedad de ecosistemas diversos. Encuentre una impresionante variedad de especies de aves, incluidas aves end\u00e9micas y migratorias, mientras recorre estas impresionantes regiones<\/p><p>Ideal para entusiastas de las aves y amantes de la naturaleza, este recorrido brinda una oportunidad \u00fanica de presenciar la rica biodiversidad de Venezuela. \u00a1\u00danete a nosotros para vivir una experiencia unica que te dejar\u00e1 recuerdos duraderos y fotograf\u00edas incre\u00edbles!<\/p><p><strong>\u00a1Reserve hoy su tour de observaci\u00f3n de aves desde los Andes venezolanos hasta los Llanos y sum\u00e9rjase en la belleza natural de Venezuela!<\/strong><\/p>\t\t\t\t\t\t\t\t<\/div>\n\t\t\t\t<\/div>\n\t\t\t\t<div class=\"elementor-element elementor-element-5f559105 elementor-align-left elementor-widget elementor-widget-button\" data-id=\"5f559105\" data-element_type=\"widget\" data-widget_type=\"button.default\">\n\t\t\t\t<div class=\"elementor-widget-container\">\n\t\t\t\t\t\t\t\t\t<div class=\"elementor-button-wrapper\">\n\t\t\t\t\t<a class=\"elementor-button elementor-button-link elementor-size-sm\" href=\"#contact\">\n\t\t\t\t\t\t<span class=\"elementor-button-content-wrapper\">\n\t\t\t\t\t\t\t\t\t<span class=\"elementor-button-text\">Reserve ahora<\/span>\n\t\t\t\t\t<\/span>\n\t\t\t\t\t<\/a>\n\t\t\t\t<\/div>\n\t\t\t\t\t\t\t\t<\/div>\n\t\t\t\t<\/div>\n\t\t\t\t<\/div>\n\t\t\t\t\t<\/div>\n\t\t\t\t<\/div>\n\t\t<div class=\"elementor-element elementor-element-48e778ce e-flex e-con-boxed e-con e-parent\" data-id=\"48e778ce\" data-element_type=\"container\" data-settings=\"{&quot;background_background&quot;:&quot;classic&quot;}\">\n\t\t\t\t\t<div class=\"e-con-inner\">\n\t\t\t\t<div class=\"elementor-element elementor-element-354a5a36 elementor-widget elementor-widget-heading\" data-id=\"354a5a36\" data-element_type=\"widget\" data-widget_type=\"heading.default\">\n\t\t\t\t<div class=\"elementor-widget-container\">\n\t\t\t\t\t<h2 class=\"elementor-heading-title elementor-size-default\">Resaltar aves<\/h2>\t\t\t\t<\/div>\n\t\t\t\t<\/div>\n\t\t\t\t<div class=\"elementor-element elementor-element-4d015ce5 elementor-widget elementor-widget-text-editor\" data-id=\"4d015ce5\" data-element_type=\"widget\" data-widget_type=\"text-editor.default\">\n\t\t\t\t<div class=\"elementor-widget-container\">\n\t\t\t\t\t\t\t\t\t<p>Merida Sunangel &#8211; Heliangelus spencei<br \/>White-bearded Helmetcrest &#8211; Oxypogon lindenii<br \/>Green Inca &#8211; Coeligena conradii<br \/>Merida Starfrontlet &#8211; Coeligena eos<br \/>Rose-headed Parakeet &#8211; Pyrrhura rhodocephala<br \/>Gray-naped Antpitta &#8211; Grallaria griseonucha<br \/>Merida Tapaculo &#8211; Scytalopus meridanus<br \/>Ochre-browed Thistletail &#8211; Asthenes coryi<br \/>Blackish Chat-Tyrant &#8211; Ochthoeca nigrita<br \/>Rufous-browed Chat-Tyrant &#8211; Ochthoeca superciliosa<br \/>Merida Wren &#8211; Cistothorus meridae<br \/>White-fronted Redstart &#8211; Myioborus albifrons<br \/>Gray-capped Hemispingus &#8211; Kleinothraupis reyi<br \/>Merida Flowerpiercer &#8211; Diglossa gloriosa<br \/>Slaty-backed Hemispingus &#8211; Poospiza goeringi<br \/>Yellow-knobbed Curassow &#8211; Crax daubentoni<br \/>Sharp-tailed Ibis &#8211; Cercibis oxycerca<br \/>Two-banded Puffbird &#8211; Hypnelus bicinctus<br \/>White-bearded Flycatcher &#8211; Phelpsia inornata<br \/>Venezuelan Troupial &#8211; Icterus icterus<\/p>\t\t\t\t\t\t\t\t<\/div>\n\t\t\t\t<\/div>\n\t\t\t\t<div class=\"elementor-element elementor-element-28008fb3 elementor-align-center elementor-widget elementor-widget-button\" data-id=\"28008fb3\" data-element_type=\"widget\" data-widget_type=\"button.default\">\n\t\t\t\t<div class=\"elementor-widget-container\">\n\t\t\t\t\t\t\t\t\t<div class=\"elementor-button-wrapper\">\n\t\t\t\t\t<a class=\"elementor-button elementor-button-link elementor-size-sm\" href=\"#contact\">\n\t\t\t\t\t\t<span class=\"elementor-button-content-wrapper\">\n\t\t\t\t\t\t\t\t\t<span class=\"elementor-button-text\">Reserve ahora<\/span>\n\t\t\t\t\t<\/span>\n\t\t\t\t\t<\/a>\n\t\t\t\t<\/div>\n\t\t\t\t\t\t\t\t<\/div>\n\t\t\t\t<\/div>\n\t\t\t\t\t<\/div>\n\t\t\t\t<\/div>\n\t\t<div class=\"elementor-element elementor-element-7b0b5fd0 e-flex e-con-boxed e-con e-parent\" data-id=\"7b0b5fd0\" data-element_type=\"container\">\n\t\t\t\t\t<div class=\"e-con-inner\">\n\t\t\t\t<div class=\"elementor-element elementor-element-3b8b1be7 elementor-widget elementor-widget-heading\" data-id=\"3b8b1be7\" data-element_type=\"widget\" data-widget_type=\"heading.default\">\n\t\t\t\t<div class=\"elementor-widget-container\">\n\t\t\t\t\t<h2 class=\"elementor-heading-title elementor-size-default\">Galeria<\/h2>\t\t\t\t<\/div>\n\t\t\t\t<\/div>\n\t\t\t\t<div class=\"elementor-element elementor-element-746c5ba2 elementor-widget elementor-widget-image-carousel\" data-id=\"746c5ba2\" data-element_type=\"widget\" data-settings=\"{&quot;slides_to_show&quot;:&quot;2&quot;,&quot;navigation&quot;:&quot;none&quot;,&quot;autoplay&quot;:&quot;yes&quot;,&quot;pause_on_hover&quot;:&quot;yes&quot;,&quot;pause_on_interaction&quot;:&quot;yes&quot;,&quot;autoplay_speed&quot;:5000,&quot;infinite&quot;:&quot;yes&quot;,&quot;speed&quot;:500}\" data-widget_type=\"image-carousel.default\">\n\t\t\t\t<div class=\"elementor-widget-container\">\n\t\t\t\t\t\t\t<div class=\"elementor-image-carousel-wrapper swiper\" role=\"region\" aria-roledescription=\"carousel\" aria-label=\"Image Carousel\" dir=\"ltr\">\n\t\t\t<div class=\"elementor-image-carousel swiper-wrapper\" aria-live=\"off\">\n\t\t\t\t\t\t\t\t<div class=\"swiper-slide\" role=\"group\" aria-roledescription=\"slide\" aria-label=\"1 of 2\"><figure class=\"swiper-slide-inner\"><img decoding=\"async\" class=\"swiper-slide-image\" src=\"https:\/\/www.wanderingvenezuela.com\/wp-content\/uploads\/elementor\/thumbs\/Andes-1-qwzu0clc8omo0t2txq1zg4d3d7kv4xdkkzcxfgwohs.jpg\" alt=\"Andes-1\" \/><\/figure><\/div><div class=\"swiper-slide\" role=\"group\" aria-roledescription=\"slide\" aria-label=\"2 of 2\"><figure class=\"swiper-slide-inner\"><img decoding=\"async\" class=\"swiper-slide-image\" src=\"https:\/\/www.wanderingvenezuela.com\/wp-content\/uploads\/elementor\/thumbs\/Andes-2-qwzu0dj6finycf1gs8gm0m4jylg8cmhax40ewqvabk.jpg\" alt=\"Andes-2\" \/><\/figure><\/div>\t\t\t<\/div>\n\t\t\t\t\t\t\t\n\t\t\t\t\t\t\t\t\t<\/div>\n\t\t\t\t\t\t<\/div>\n\t\t\t\t<\/div>\n\t\t\t\t\t<\/div>\n\t\t\t\t<\/div>\n\t\t\t\t<\/div>","protected":false},"excerpt":{"rendered":"<p>Venezuelan Andes to Llanos Birds Tour 15 nights\/16 Days 6 Birders Max Embark on an unforgettable birding adventure with our Venezuelan Andes to Llanos Birds Tour. Over 16 days, explore the breathtaking landscapes of the Venezuelan Andes, where majestic mountains and cloud forest transition into the vibrant wetlands and infinite savannas of the Llanos. This [&hellip;]<\/p>","protected":false},"author":1,"featured_media":0,"parent":0,"menu_order":0,"comment_status":"closed","ping_status":"closed","template":"elementor_header_footer","meta":{"footnotes":""},"class_list":["post-176","page","type-page","status-publish","hentry"],"_links":{"self":[{"href":"https:\/\/www.wanderingvenezuela.com\/es\/wp-json\/wp\/v2\/pages\/176","targetHints":{"allow":["GET"]}}],"collection":[{"href":"https:\/\/www.wanderingvenezuela.com\/es\/wp-json\/wp\/v2\/pages"}],"about":[{"href":"https:\/\/www.wanderingvenezuela.com\/es\/wp-json\/wp\/v2\/types\/page"}],"author":[{"embeddable":true,"href":"https:\/\/www.wanderingvenezuela.com\/es\/wp-json\/wp\/v2\/users\/1"}],"replies":[{"embeddable":true,"href":"https:\/\/www.wanderingvenezuela.com\/es\/wp-json\/wp\/v2\/comments?post=176"}],"version-history":[{"count":0,"href":"https:\/\/www.wanderingvenezuela.com\/es\/wp-json\/wp\/v2\/pages\/176\/revisions"}],"wp:attachment":[{"href":"https:\/\/www.wanderingvenezuela.com\/es\/wp-json\/wp\/v2\/media?parent=176"}],"curies":[{"name":"wp","href":"https:\/\/api.w.org\/{rel}","templated":true}]}}