{"id":184,"date":"2024-11-08T06:40:25","date_gmt":"2024-11-08T06:40:25","guid":{"rendered":"https:\/\/www.wanderingvenezuela.com\/?page_id=184"},"modified":"2024-11-13T11:28:43","modified_gmt":"2024-11-13T11:28:43","slug":"west-to-east-northern-birds-coastal-cordilleran-and-dry-area-endemics-plus-orinoco-delta-birds","status":"publish","type":"page","link":"https:\/\/www.wanderingvenezuela.com\/es\/west-to-east-northern-birds-coastal-cordilleran-and-dry-area-endemics-plus-orinoco-delta-birds\/","title":{"rendered":"Aves del oeste al este del norte, end\u00e9micas de la Cordillera Costera y de zonas secas, adem\u00e1s de aves del Delta del Orinoco"},"content":{"rendered":"<div data-elementor-type=\"wp-page\" data-elementor-id=\"184\" class=\"elementor elementor-184\" data-elementor-post-type=\"page\">\n\t\t\t\t<div class=\"elementor-element elementor-element-634a44ae e-flex e-con-boxed e-con e-parent\" data-id=\"634a44ae\" data-element_type=\"container\">\n\t\t\t\t\t<div class=\"e-con-inner\">\n\t\t<div class=\"elementor-element elementor-element-23aa8a30 e-con-full e-flex e-con e-child\" data-id=\"23aa8a30\" data-element_type=\"container\" data-settings=\"{&quot;background_background&quot;:&quot;slideshow&quot;,&quot;background_slideshow_gallery&quot;:[{&quot;id&quot;:245,&quot;url&quot;:&quot;https:\\\/\\\/www.wanderingvenezuela.com\\\/wp-content\\\/uploads\\\/2024\\\/11\\\/West-1.jpg&quot;},{&quot;id&quot;:246,&quot;url&quot;:&quot;https:\\\/\\\/www.wanderingvenezuela.com\\\/wp-content\\\/uploads\\\/2024\\\/11\\\/West-2.jpg&quot;}],&quot;background_slideshow_ken_burns&quot;:&quot;yes&quot;,&quot;background_slideshow_loop&quot;:&quot;yes&quot;,&quot;background_slideshow_slide_duration&quot;:5000,&quot;background_slideshow_slide_transition&quot;:&quot;fade&quot;,&quot;background_slideshow_transition_duration&quot;:500,&quot;background_slideshow_ken_burns_zoom_direction&quot;:&quot;in&quot;}\">\n\t\t\t\t<\/div>\n\t\t<div class=\"elementor-element elementor-element-46bba5f9 e-con-full e-flex e-con e-child\" data-id=\"46bba5f9\" data-element_type=\"container\">\n\t\t\t\t<div class=\"elementor-element elementor-element-a79acd1 elementor-widget elementor-widget-heading\" data-id=\"a79acd1\" data-element_type=\"widget\" data-widget_type=\"heading.default\">\n\t\t\t\t<div class=\"elementor-widget-container\">\n\t\t\t\t\t<h2 class=\"elementor-heading-title elementor-size-default\">Aves del oeste al este del norte, end\u00e9micas de la Cordillera Costera y de zonas secas, adem\u00e1s de aves del Delta del Orinoco<\/h2>\t\t\t\t<\/div>\n\t\t\t\t<\/div>\n\t\t\t\t<div class=\"elementor-element elementor-element-6d5b4681 elementor-icon-list--layout-inline elementor-list-item-link-full_width elementor-widget elementor-widget-icon-list\" data-id=\"6d5b4681\" data-element_type=\"widget\" data-widget_type=\"icon-list.default\">\n\t\t\t\t<div class=\"elementor-widget-container\">\n\t\t\t\t\t\t\t<ul class=\"elementor-icon-list-items elementor-inline-items\">\n\t\t\t\t\t\t\t<li class=\"elementor-icon-list-item elementor-inline-item\">\n\t\t\t\t\t\t\t\t\t\t\t<span class=\"elementor-icon-list-icon\">\n\t\t\t\t\t\t\t<svg aria-hidden=\"true\" class=\"e-font-icon-svg e-fas-moon\" viewbox=\"0 0 512 512\" xmlns=\"http:\/\/www.w3.org\/2000\/svg\"><path d=\"M283.211 512c78.962 0 151.079-35.925 198.857-94.792 7.068-8.708-.639-21.43-11.562-19.35-124.203 23.654-238.262-71.576-238.262-196.954 0-72.222 38.662-138.635 101.498-174.394 9.686-5.512 7.25-20.197-3.756-22.23A258.156 258.156 0 0 0 283.211 0c-141.309 0-256 114.511-256 256 0 141.309 114.511 256 256 256z\"><\/path><\/svg>\t\t\t\t\t\t<\/span>\n\t\t\t\t\t\t\t\t\t\t<span class=\"elementor-icon-list-text\">15 Noches\/16 D\u00edas<\/span>\n\t\t\t\t\t\t\t\t\t<\/li>\n\t\t\t\t\t\t\t\t<li class=\"elementor-icon-list-item elementor-inline-item\">\n\t\t\t\t\t\t\t\t\t\t\t<span class=\"elementor-icon-list-icon\">\n\t\t\t\t\t\t\t<svg aria-hidden=\"true\" class=\"e-font-icon-svg e-fas-binoculars\" viewbox=\"0 0 512 512\" xmlns=\"http:\/\/www.w3.org\/2000\/svg\"><path d=\"M416 48c0-8.84-7.16-16-16-16h-64c-8.84 0-16 7.16-16 16v48h96V48zM63.91 159.99C61.4 253.84 3.46 274.22 0 404v44c0 17.67 14.33 32 32 32h96c17.67 0 32-14.33 32-32V288h32V128H95.84c-17.63 0-31.45 14.37-31.93 31.99zm384.18 0c-.48-17.62-14.3-31.99-31.93-31.99H320v160h32v160c0 17.67 14.33 32 32 32h96c17.67 0 32-14.33 32-32v-44c-3.46-129.78-61.4-150.16-63.91-244.01zM176 32h-64c-8.84 0-16 7.16-16 16v48h96V48c0-8.84-7.16-16-16-16zm48 256h64V128h-64v160z\"><\/path><\/svg>\t\t\t\t\t\t<\/span>\n\t\t\t\t\t\t\t\t\t\t<span class=\"elementor-icon-list-text\">6 observadores de aves como m\u00e1ximo<\/span>\n\t\t\t\t\t\t\t\t\t<\/li>\n\t\t\t\t\t\t<\/ul>\n\t\t\t\t\t\t<\/div>\n\t\t\t\t<\/div>\n\t\t\t\t<div class=\"elementor-element elementor-element-2dda8650 elementor-widget-divider--view-line elementor-widget elementor-widget-divider\" data-id=\"2dda8650\" data-element_type=\"widget\" data-widget_type=\"divider.default\">\n\t\t\t\t<div class=\"elementor-widget-container\">\n\t\t\t\t\t\t\t<div class=\"elementor-divider\">\n\t\t\t<span class=\"elementor-divider-separator\">\n\t\t\t\t\t\t<\/span>\n\t\t<\/div>\n\t\t\t\t\t\t<\/div>\n\t\t\t\t<\/div>\n\t\t\t\t<div class=\"elementor-element elementor-element-516da89c elementor-widget elementor-widget-text-editor\" data-id=\"516da89c\" data-element_type=\"widget\" data-widget_type=\"text-editor.default\">\n\t\t\t\t<div class=\"elementor-widget-container\">\n\t\t\t\t\t\t\t\t\t<p>Explore la biodiversidad de la cordillera de la costa de Venezuela: una aventura de observaci\u00f3n de aves.<br \/>\u00danase a nosotros en un viaje inolvidable a trav\u00e9s de la Cordillera de la costa de Venezuela, un para\u00edso tanto para los amantes de las aves como para los entusiastas de la naturaleza. Este exclusivo recorrido de observaci\u00f3n de aves est\u00e1 dise\u00f1ado para sumergirlo en la rica biodiversidad de la regi\u00f3n, donde las especies de aves end\u00e9micas prosperan en medio de paisajes espectaculares. Experimente la emoci\u00f3n de observar distintas especies como el Flowerpiercer venezolano, el tapaculo caraque\u00f1o y el cautivador Rail, flanqueado por la llanura mientras explora diversos h\u00e1bitats que van desde manglares costeros hasta exuberantes bosques de monta\u00f1a. Con la gu\u00eda de nuestros expertos en observaci\u00f3n de aves, este recorrido promete aventura, descubrimiento y la oportunidad perfecta para mejorar su lista de vida<\/p>\t\t\t\t\t\t\t\t<\/div>\n\t\t\t\t<\/div>\n\t\t\t\t<div class=\"elementor-element elementor-element-4efe3515 elementor-align-left elementor-widget elementor-widget-button\" data-id=\"4efe3515\" data-element_type=\"widget\" data-widget_type=\"button.default\">\n\t\t\t\t<div class=\"elementor-widget-container\">\n\t\t\t\t\t\t\t\t\t<div class=\"elementor-button-wrapper\">\n\t\t\t\t\t<a class=\"elementor-button elementor-button-link elementor-size-sm\" href=\"#contact\">\n\t\t\t\t\t\t<span class=\"elementor-button-content-wrapper\">\n\t\t\t\t\t\t\t\t\t<span class=\"elementor-button-text\">Reserve ahora<\/span>\n\t\t\t\t\t<\/span>\n\t\t\t\t\t<\/a>\n\t\t\t\t<\/div>\n\t\t\t\t\t\t\t\t<\/div>\n\t\t\t\t<\/div>\n\t\t\t\t<\/div>\n\t\t\t\t\t<\/div>\n\t\t\t\t<\/div>\n\t\t<div class=\"elementor-element elementor-element-92a9744 e-flex e-con-boxed e-con e-parent\" data-id=\"92a9744\" data-element_type=\"container\" data-settings=\"{&quot;background_background&quot;:&quot;classic&quot;}\">\n\t\t\t\t\t<div class=\"e-con-inner\">\n\t\t\t\t<div class=\"elementor-element elementor-element-540a7474 elementor-widget elementor-widget-heading\" data-id=\"540a7474\" data-element_type=\"widget\" data-widget_type=\"heading.default\">\n\t\t\t\t<div class=\"elementor-widget-container\">\n\t\t\t\t\t<h2 class=\"elementor-heading-title elementor-size-default\">Resaltar aves<\/h2>\t\t\t\t<\/div>\n\t\t\t\t<\/div>\n\t\t\t\t<div class=\"elementor-element elementor-element-154d2899 elementor-widget elementor-widget-text-editor\" data-id=\"154d2899\" data-element_type=\"widget\" data-widget_type=\"text-editor.default\">\n\t\t\t\t<div class=\"elementor-widget-container\">\n\t\t\t\t\t\t\t\t\t<div>Venezuelan Wood-Quail &#8211; Odontophorus columbianus<\/div><div>Green-tailed Emerald &#8211; Chlorostilbon alice<\/div><div>Red-eared Parakeet &#8211; Pyrrhura hoematotis<\/div><div>Scallop-breasted Antpitta &#8211; Grallaricula loricata<\/div><div>Caracas Tapaculo &#8211; Scytalopus caracae<\/div><div>Guttulate Foliage-gleaner &#8211; Syndactyla guttulata<\/div><div>Black-throated Spinetail &#8211; Synallaxis castanea<\/div><div>Handsome Fruiteater &#8211; Pipreola formosa<\/div><div>Venezuelan Bristle-Tyrant &#8211; Pogonotriccus venezuelanus<\/div><div>Rufous-lored Tyrannulet &#8211; Phylloscartes flaviventris<\/div><div>Venezuelan Tyrannulet &#8211; Zimmerius petersi<\/div><div>Caracas Brushfinch &#8211; Arremon phaeopleurus<\/div><div>Rufous-cheeked Tanager &#8211; Tangara rufigenis<\/div><div>Venezuelan Sylph &#8211; Aglaiocercus berlepschi<\/div><div>Sucre Antpitta &#8211; Grallaricula cumanensis<\/div><div>White-throated Barbtail &#8211; Premnoplex tatei<\/div><div>Urich&#8217;s Tyrannulet &#8211; Phyllomyias urichi<\/div><div>Paria Brushfinch &#8211; Arremon phygas<\/div><div>Gray-headed Warbler &#8211; Myiothlypis griseiceps<\/div><div>Venezuelan Flowerpiercer &#8211; Diglossa venezuelensis<\/div>\t\t\t\t\t\t\t\t<\/div>\n\t\t\t\t<\/div>\n\t\t\t\t<div class=\"elementor-element elementor-element-17c2bb87 elementor-align-center elementor-widget elementor-widget-button\" data-id=\"17c2bb87\" data-element_type=\"widget\" data-widget_type=\"button.default\">\n\t\t\t\t<div class=\"elementor-widget-container\">\n\t\t\t\t\t\t\t\t\t<div class=\"elementor-button-wrapper\">\n\t\t\t\t\t<a class=\"elementor-button elementor-button-link elementor-size-sm\" href=\"#contact\">\n\t\t\t\t\t\t<span class=\"elementor-button-content-wrapper\">\n\t\t\t\t\t\t\t\t\t<span class=\"elementor-button-text\">Reserve ahora<\/span>\n\t\t\t\t\t<\/span>\n\t\t\t\t\t<\/a>\n\t\t\t\t<\/div>\n\t\t\t\t\t\t\t\t<\/div>\n\t\t\t\t<\/div>\n\t\t\t\t\t<\/div>\n\t\t\t\t<\/div>\n\t\t<div class=\"elementor-element elementor-element-2a073e55 e-flex e-con-boxed e-con e-parent\" data-id=\"2a073e55\" data-element_type=\"container\">\n\t\t\t\t\t<div class=\"e-con-inner\">\n\t\t\t\t<div class=\"elementor-element elementor-element-442c0e6f elementor-widget elementor-widget-heading\" data-id=\"442c0e6f\" data-element_type=\"widget\" data-widget_type=\"heading.default\">\n\t\t\t\t<div class=\"elementor-widget-container\">\n\t\t\t\t\t<h2 class=\"elementor-heading-title elementor-size-default\">Galeria<\/h2>\t\t\t\t<\/div>\n\t\t\t\t<\/div>\n\t\t\t\t<div class=\"elementor-element elementor-element-826a6f6 elementor-widget elementor-widget-image-carousel\" data-id=\"826a6f6\" data-element_type=\"widget\" data-settings=\"{&quot;slides_to_show&quot;:&quot;2&quot;,&quot;navigation&quot;:&quot;none&quot;,&quot;autoplay&quot;:&quot;yes&quot;,&quot;pause_on_hover&quot;:&quot;yes&quot;,&quot;pause_on_interaction&quot;:&quot;yes&quot;,&quot;autoplay_speed&quot;:5000,&quot;infinite&quot;:&quot;yes&quot;,&quot;speed&quot;:500}\" data-widget_type=\"image-carousel.default\">\n\t\t\t\t<div class=\"elementor-widget-container\">\n\t\t\t\t\t\t\t<div class=\"elementor-image-carousel-wrapper swiper\" role=\"region\" aria-roledescription=\"carousel\" aria-label=\"Image Carousel\" dir=\"ltr\">\n\t\t\t<div class=\"elementor-image-carousel swiper-wrapper\" aria-live=\"off\">\n\t\t\t\t\t\t\t\t<div class=\"swiper-slide\" role=\"group\" aria-roledescription=\"slide\" aria-label=\"1 of 2\"><figure class=\"swiper-slide-inner\"><img decoding=\"async\" class=\"swiper-slide-image\" src=\"https:\/\/www.wanderingvenezuela.com\/wp-content\/uploads\/elementor\/thumbs\/West-1-qwzu8jqnunupad6429mu71vtw7649vxadk7e4cr280.jpg\" alt=\"West-1\" \/><\/figure><\/div><div class=\"swiper-slide\" role=\"group\" aria-roledescription=\"slide\" aria-label=\"2 of 2\"><figure class=\"swiper-slide-inner\"><img decoding=\"async\" class=\"swiper-slide-image\" src=\"https:\/\/www.wanderingvenezuela.com\/wp-content\/uploads\/elementor\/thumbs\/West-2-qwzu8koi1hvzlz4qws1grjnahl1hhl10pouvlmpo1s.jpg\" alt=\"West-2\" \/><\/figure><\/div>\t\t\t<\/div>\n\t\t\t\t\t\t\t\n\t\t\t\t\t\t\t\t\t<\/div>\n\t\t\t\t\t\t<\/div>\n\t\t\t\t<\/div>\n\t\t\t\t\t<\/div>\n\t\t\t\t<\/div>\n\t\t\t\t<\/div>","protected":false},"excerpt":{"rendered":"<p>West to east northern Birds, Coastal Cordilleran and dry area endemics, plus Orinoco Delta Birds 15 nights\/16 Days 6 Birders Max Explore the Biodiversity of Venezuela\u2019s Coastal Range: A Birding AdventureJoin us on an unforgettable journey through Venezuela\u2019s Coastal Range, a haven for bird lovers and nature enthusiasts alike. This exclusive birding tour is designed [&hellip;]<\/p>","protected":false},"author":1,"featured_media":0,"parent":0,"menu_order":0,"comment_status":"closed","ping_status":"closed","template":"elementor_header_footer","meta":{"footnotes":""},"class_list":["post-184","page","type-page","status-publish","hentry"],"_links":{"self":[{"href":"https:\/\/www.wanderingvenezuela.com\/es\/wp-json\/wp\/v2\/pages\/184","targetHints":{"allow":["GET"]}}],"collection":[{"href":"https:\/\/www.wanderingvenezuela.com\/es\/wp-json\/wp\/v2\/pages"}],"about":[{"href":"https:\/\/www.wanderingvenezuela.com\/es\/wp-json\/wp\/v2\/types\/page"}],"author":[{"embeddable":true,"href":"https:\/\/www.wanderingvenezuela.com\/es\/wp-json\/wp\/v2\/users\/1"}],"replies":[{"embeddable":true,"href":"https:\/\/www.wanderingvenezuela.com\/es\/wp-json\/wp\/v2\/comments?post=184"}],"version-history":[{"count":0,"href":"https:\/\/www.wanderingvenezuela.com\/es\/wp-json\/wp\/v2\/pages\/184\/revisions"}],"wp:attachment":[{"href":"https:\/\/www.wanderingvenezuela.com\/es\/wp-json\/wp\/v2\/media?parent=184"}],"curies":[{"name":"wp","href":"https:\/\/api.w.org\/{rel}","templated":true}]}}