{"id":190,"date":"2024-11-08T06:42:48","date_gmt":"2024-11-08T06:42:48","guid":{"rendered":"https:\/\/www.wanderingvenezuela.com\/?page_id=190"},"modified":"2025-01-16T07:49:43","modified_gmt":"2025-01-16T07:49:43","slug":"just-for-endemics-birding-tour","status":"publish","type":"page","link":"https:\/\/www.wanderingvenezuela.com\/es\/just-for-endemics-birding-tour\/","title":{"rendered":"programa S\u00f3lo end\u00e9micas! Birding Tour"},"content":{"rendered":"<div data-elementor-type=\"wp-page\" data-elementor-id=\"190\" class=\"elementor elementor-190\" data-elementor-post-type=\"page\">\n\t\t\t\t<div class=\"elementor-element elementor-element-3689cd2 e-flex e-con-boxed e-con e-parent\" data-id=\"3689cd2\" data-element_type=\"container\">\n\t\t\t\t\t<div class=\"e-con-inner\">\n\t\t<div class=\"elementor-element elementor-element-1a3fc073 e-con-full e-flex e-con e-child\" data-id=\"1a3fc073\" data-element_type=\"container\" data-settings=\"{&quot;background_background&quot;:&quot;slideshow&quot;,&quot;background_slideshow_gallery&quot;:[{&quot;id&quot;:256,&quot;url&quot;:&quot;https:\\\/\\\/www.wanderingvenezuela.com\\\/wp-content\\\/uploads\\\/2024\\\/11\\\/Endemics-3.jpg&quot;},{&quot;id&quot;:254,&quot;url&quot;:&quot;https:\\\/\\\/www.wanderingvenezuela.com\\\/wp-content\\\/uploads\\\/2024\\\/11\\\/Endemics-1.jpg&quot;},{&quot;id&quot;:255,&quot;url&quot;:&quot;https:\\\/\\\/www.wanderingvenezuela.com\\\/wp-content\\\/uploads\\\/2024\\\/11\\\/Endemics-2.jpg&quot;},{&quot;id&quot;:264,&quot;url&quot;:&quot;https:\\\/\\\/www.wanderingvenezuela.com\\\/wp-content\\\/uploads\\\/2024\\\/11\\\/Endemics-4.jpg&quot;}],&quot;background_slideshow_ken_burns&quot;:&quot;yes&quot;,&quot;background_slideshow_loop&quot;:&quot;yes&quot;,&quot;background_slideshow_slide_duration&quot;:5000,&quot;background_slideshow_slide_transition&quot;:&quot;fade&quot;,&quot;background_slideshow_transition_duration&quot;:500,&quot;background_slideshow_ken_burns_zoom_direction&quot;:&quot;in&quot;}\">\n\t\t\t\t<\/div>\n\t\t<div class=\"elementor-element elementor-element-38841da4 e-con-full e-flex e-con e-child\" data-id=\"38841da4\" data-element_type=\"container\">\n\t\t\t\t<div class=\"elementor-element elementor-element-4a106183 elementor-widget elementor-widget-heading\" data-id=\"4a106183\" data-element_type=\"widget\" data-widget_type=\"heading.default\">\n\t\t\t\t<div class=\"elementor-widget-container\">\n\t\t\t\t\t<h2 class=\"elementor-heading-title elementor-size-default\">programa S\u00f3lo end\u00e9micas! Birding Tour<\/h2>\t\t\t\t<\/div>\n\t\t\t\t<\/div>\n\t\t\t\t<div class=\"elementor-element elementor-element-238051fc elementor-icon-list--layout-inline elementor-list-item-link-full_width elementor-widget elementor-widget-icon-list\" data-id=\"238051fc\" data-element_type=\"widget\" data-widget_type=\"icon-list.default\">\n\t\t\t\t<div class=\"elementor-widget-container\">\n\t\t\t\t\t\t\t<ul class=\"elementor-icon-list-items elementor-inline-items\">\n\t\t\t\t\t\t\t<li class=\"elementor-icon-list-item elementor-inline-item\">\n\t\t\t\t\t\t\t\t\t\t\t<span class=\"elementor-icon-list-icon\">\n\t\t\t\t\t\t\t<svg aria-hidden=\"true\" class=\"e-font-icon-svg e-fas-moon\" viewbox=\"0 0 512 512\" xmlns=\"http:\/\/www.w3.org\/2000\/svg\"><path d=\"M283.211 512c78.962 0 151.079-35.925 198.857-94.792 7.068-8.708-.639-21.43-11.562-19.35-124.203 23.654-238.262-71.576-238.262-196.954 0-72.222 38.662-138.635 101.498-174.394 9.686-5.512 7.25-20.197-3.756-22.23A258.156 258.156 0 0 0 283.211 0c-141.309 0-256 114.511-256 256 0 141.309 114.511 256 256 256z\"><\/path><\/svg>\t\t\t\t\t\t<\/span>\n\t\t\t\t\t\t\t\t\t\t<span class=\"elementor-icon-list-text\">28 noches\/29 d\u00edas<\/span>\n\t\t\t\t\t\t\t\t\t<\/li>\n\t\t\t\t\t\t\t\t<li class=\"elementor-icon-list-item elementor-inline-item\">\n\t\t\t\t\t\t\t\t\t\t\t<span class=\"elementor-icon-list-icon\">\n\t\t\t\t\t\t\t<svg aria-hidden=\"true\" class=\"e-font-icon-svg e-fas-binoculars\" viewbox=\"0 0 512 512\" xmlns=\"http:\/\/www.w3.org\/2000\/svg\"><path d=\"M416 48c0-8.84-7.16-16-16-16h-64c-8.84 0-16 7.16-16 16v48h96V48zM63.91 159.99C61.4 253.84 3.46 274.22 0 404v44c0 17.67 14.33 32 32 32h96c17.67 0 32-14.33 32-32V288h32V128H95.84c-17.63 0-31.45 14.37-31.93 31.99zm384.18 0c-.48-17.62-14.3-31.99-31.93-31.99H320v160h32v160c0 17.67 14.33 32 32 32h96c17.67 0 32-14.33 32-32v-44c-3.46-129.78-61.4-150.16-63.91-244.01zM176 32h-64c-8.84 0-16 7.16-16 16v48h96V48c0-8.84-7.16-16-16-16zm48 256h64V128h-64v160z\"><\/path><\/svg>\t\t\t\t\t\t<\/span>\n\t\t\t\t\t\t\t\t\t\t<span class=\"elementor-icon-list-text\">6 observadores de aves como m\u00e1ximo<\/span>\n\t\t\t\t\t\t\t\t\t<\/li>\n\t\t\t\t\t\t<\/ul>\n\t\t\t\t\t\t<\/div>\n\t\t\t\t<\/div>\n\t\t\t\t<div class=\"elementor-element elementor-element-6dad73b9 elementor-widget-divider--view-line elementor-widget elementor-widget-divider\" data-id=\"6dad73b9\" data-element_type=\"widget\" data-widget_type=\"divider.default\">\n\t\t\t\t<div class=\"elementor-widget-container\">\n\t\t\t\t\t\t\t<div class=\"elementor-divider\">\n\t\t\t<span class=\"elementor-divider-separator\">\n\t\t\t\t\t\t<\/span>\n\t\t<\/div>\n\t\t\t\t\t\t<\/div>\n\t\t\t\t<\/div>\n\t\t\t\t<div class=\"elementor-element elementor-element-9095516 elementor-widget elementor-widget-text-editor\" data-id=\"9095516\" data-element_type=\"widget\" data-widget_type=\"text-editor.default\">\n\t\t\t\t<div class=\"elementor-widget-container\">\n\t\t\t\t\t\t\t\t\t<p style=\"font-weight: 400;\">\u00a1\u00danase a nosotros en nuestro <strong>programa S\u00f3lo end\u00e9micas! Birding Tour<\/strong>, una aventura especializada de 29 d\u00edas dedicada a las incre\u00edbles aves end\u00e9micas de Venezuela. Este recorrido \u00fanico lo lleva a trav\u00e9s de una variedad de h\u00e1bitats diversos, desde las majestuosas tierras <strong>Altas Andinas<\/strong> hasta las exuberantes <strong>tierras bajas<\/strong>, mostrando la rica avifauna del pa\u00eds.<\/p><p style=\"font-weight: 400;\">Explore regiones reconocidas por su avifauna \u00fanica mientras busca numerosas especies end\u00e9micas exclusivas de Venezuela. Ya sea que sea un observador de aves experimentado o un entusiasta amante de la naturaleza, este recorrido ofrece una oportunidad incomparable para descubrir y observar las aves m\u00e1s raras del pa\u00eds en sus entornos naturales<\/p><p style=\"font-weight: 400;\"><strong>Aspectos destacados clave:<\/strong><\/p><ul style=\"font-weight: 400;\"><li>Conc\u00e9ntrese exclusivamente en las especies de aves end\u00e9micas de Venezuela.<\/li><li>Experimente diversos h\u00e1bitats, incluidos ecosistemas andinos y de tierras bajas.<\/li><li>Apunte a una amplia variedad de avifauna \u00fanica y exclusiva de Venezuela.<\/li><li>Ideal para observadores de aves que buscan una exploraci\u00f3n integral de especies end\u00e9micas.<\/li><\/ul>\t\t\t\t\t\t\t\t<\/div>\n\t\t\t\t<\/div>\n\t\t\t\t<div class=\"elementor-element elementor-element-2668ec8e elementor-align-left elementor-widget elementor-widget-button\" data-id=\"2668ec8e\" data-element_type=\"widget\" data-widget_type=\"button.default\">\n\t\t\t\t<div class=\"elementor-widget-container\">\n\t\t\t\t\t\t\t\t\t<div class=\"elementor-button-wrapper\">\n\t\t\t\t\t<a class=\"elementor-button elementor-button-link elementor-size-sm\" href=\"#contact\">\n\t\t\t\t\t\t<span class=\"elementor-button-content-wrapper\">\n\t\t\t\t\t\t\t\t\t<span class=\"elementor-button-text\">Reserve ahora<\/span>\n\t\t\t\t\t<\/span>\n\t\t\t\t\t<\/a>\n\t\t\t\t<\/div>\n\t\t\t\t\t\t\t\t<\/div>\n\t\t\t\t<\/div>\n\t\t\t\t<\/div>\n\t\t\t\t\t<\/div>\n\t\t\t\t<\/div>\n\t\t<div class=\"elementor-element elementor-element-57ec1cef e-flex e-con-boxed e-con e-parent\" data-id=\"57ec1cef\" data-element_type=\"container\" data-settings=\"{&quot;background_background&quot;:&quot;classic&quot;}\">\n\t\t\t\t\t<div class=\"e-con-inner\">\n\t\t\t\t<div class=\"elementor-element elementor-element-30d3a69a elementor-widget elementor-widget-heading\" data-id=\"30d3a69a\" data-element_type=\"widget\" data-widget_type=\"heading.default\">\n\t\t\t\t<div class=\"elementor-widget-container\">\n\t\t\t\t\t<h2 class=\"elementor-heading-title elementor-size-default\">Resaltar aves<\/h2>\t\t\t\t<\/div>\n\t\t\t\t<\/div>\n\t\t\t\t<div class=\"elementor-element elementor-element-40014bdf elementor-widget elementor-widget-text-editor\" data-id=\"40014bdf\" data-element_type=\"widget\" data-widget_type=\"text-editor.default\">\n\t\t\t\t<div class=\"elementor-widget-container\">\n\t\t\t\t\t\t\t\t\t<p>Tepui Tinamou &#8211; Crypturellus ptaritepui<br \/>Venezuelan Wood-Quail &#8211; Odontophorus columbianus<br \/>Ashy-tailed Swift &#8211; Chaetura andrei<br \/>Tepui Goldenthroat &#8211; Polytmus milleri<br \/>Merida Sunangel &#8211; Heliangelus spencei<br \/>Venezuelan Sylph &#8211; Aglaiocercus berlepschi<br \/>White-bearded Helmetcrest &#8211; Oxypogon lindenii<br \/>Green Inca &#8211; Coeligena conradii<br \/>Merida Starfrontlet &#8211; Coeligena eos<br \/>Green-tailed Emerald &#8211; Chlorostilbon alice<br \/>Plain-flanked Rail &#8211; Rallus wetmorei<br \/>Rusty-flanked Crake &#8211; Laterallus levraudi<br \/>Red-eared Parakeet &#8211; Pyrrhura hoematotis<br \/>Rose-headed Parakeet &#8211; Pyrrhura rhodocephala<br \/>Great Antpitta &#8211; Grallaria excelsa<br \/>Tachira Antpitta &#8211; Grallaria chthonia<br \/>Gray-naped Antpitta &#8211; Grallaria griseonucha<br \/>Scallop-breasted Antpitta &#8211; Grallaricula loricata<br \/>Sucre Antpitta &#8211; Grallaricula cumanensis<br \/>Caracas Tapaculo &#8211; Scytalopus caracae<br \/>Merida Tapaculo &#8211; Scytalopus meridanus<br \/>Guttulate Foliage-gleaner &#8211; Syndactyla guttulata<br \/>White-throated Barbtail &#8211; Premnoplex tatei<br \/>Ochre-browed Thistletail &#8211; Asthenes coryi<br \/>Delta Amacuro Softtail &#8211; Thripophaga amacurensis<br \/>Rio Orinoco Spinetail &#8211; Synallaxis beverlyae<br \/>Black-throated Spinetail &#8211; Synallaxis castanea<br \/>Handsome Fruiteater &#8211; Pipreola formosa<br \/>Venezuelan Bristle-Tyrant &#8211; Pogonotriccus venezuelanus<br \/>Rufous-lored Tyrannulet &#8211; Phylloscartes flaviventris<br \/>Maracaibo Tody-Flycatcher &#8211; Todirostrum viridanum<br \/>Urich&#8217;s Tyrannulet &#8211; Phyllomyias urichi<br \/>Venezuelan Tyrannulet &#8211; Zimmerius petersi<br \/>Blackish Chat-Tyrant &#8211; Ochthoeca nigrita<br \/>Rufous-browed Chat-Tyrant &#8211; Ochthoeca superciliosa<br \/>Merida Wren &#8211; Cistothorus meridae<br \/>Caracas Brushfinch &#8211; Arremon phaeopleurus<br \/>Paria Brushfinch &#8211; Arremon phygas<br \/>Gray-headed Warbler &#8211; Myiothlypis griseiceps<br \/>White-fronted Redstart &#8211; Myioborus albifrons<br \/>Carrizal Seedeater &#8211; Amaurospiza carrizalensis<br \/>Gray-capped Hemispingus &#8211; Kleinothraupis reyi<br \/>Rufous-cheeked Tanager &#8211; Tangara rufigenis<br \/>Merida Flowerpiercer &#8211; Diglossa gloriosa<br \/>Venezuelan Flowerpiercer &#8211; Diglossa venezuelensis<br \/>Slaty-backed Hemispingus &#8211; Poospiza goeringi<\/p>\t\t\t\t\t\t\t\t<\/div>\n\t\t\t\t<\/div>\n\t\t\t\t<div class=\"elementor-element elementor-element-4c704149 elementor-align-center elementor-widget elementor-widget-button\" data-id=\"4c704149\" data-element_type=\"widget\" data-widget_type=\"button.default\">\n\t\t\t\t<div class=\"elementor-widget-container\">\n\t\t\t\t\t\t\t\t\t<div class=\"elementor-button-wrapper\">\n\t\t\t\t\t<a class=\"elementor-button elementor-button-link elementor-size-sm\" href=\"#contact\">\n\t\t\t\t\t\t<span class=\"elementor-button-content-wrapper\">\n\t\t\t\t\t\t\t\t\t<span class=\"elementor-button-text\">Reserve ahora<\/span>\n\t\t\t\t\t<\/span>\n\t\t\t\t\t<\/a>\n\t\t\t\t<\/div>\n\t\t\t\t\t\t\t\t<\/div>\n\t\t\t\t<\/div>\n\t\t\t\t\t<\/div>\n\t\t\t\t<\/div>\n\t\t<div class=\"elementor-element elementor-element-6cf21e41 e-flex e-con-boxed e-con e-parent\" data-id=\"6cf21e41\" data-element_type=\"container\">\n\t\t\t\t\t<div class=\"e-con-inner\">\n\t\t\t\t<div class=\"elementor-element elementor-element-59e1b81f elementor-widget elementor-widget-heading\" data-id=\"59e1b81f\" data-element_type=\"widget\" data-widget_type=\"heading.default\">\n\t\t\t\t<div class=\"elementor-widget-container\">\n\t\t\t\t\t<h2 class=\"elementor-heading-title elementor-size-default\">Galeria<\/h2>\t\t\t\t<\/div>\n\t\t\t\t<\/div>\n\t\t\t\t<div class=\"elementor-element elementor-element-3322c91d elementor-widget elementor-widget-image-carousel\" data-id=\"3322c91d\" data-element_type=\"widget\" data-settings=\"{&quot;slides_to_show&quot;:&quot;3&quot;,&quot;navigation&quot;:&quot;none&quot;,&quot;autoplay&quot;:&quot;yes&quot;,&quot;pause_on_hover&quot;:&quot;yes&quot;,&quot;pause_on_interaction&quot;:&quot;yes&quot;,&quot;autoplay_speed&quot;:5000,&quot;infinite&quot;:&quot;yes&quot;,&quot;speed&quot;:500}\" data-widget_type=\"image-carousel.default\">\n\t\t\t\t<div class=\"elementor-widget-container\">\n\t\t\t\t\t\t\t<div class=\"elementor-image-carousel-wrapper swiper\" role=\"region\" aria-roledescription=\"carousel\" aria-label=\"Image Carousel\" dir=\"ltr\">\n\t\t\t<div class=\"elementor-image-carousel swiper-wrapper\" aria-live=\"off\">\n\t\t\t\t\t\t\t\t<div class=\"swiper-slide\" role=\"group\" aria-roledescription=\"slide\" aria-label=\"1 of 4\"><figure class=\"swiper-slide-inner\"><img decoding=\"async\" class=\"swiper-slide-image\" src=\"https:\/\/www.wanderingvenezuela.com\/wp-content\/uploads\/elementor\/thumbs\/Endemics-1-qwzuezwsqqno95sfwfz009jo1lph6ak7p93km9ee4g.jpg\" alt=\"Endemics-1\" \/><\/figure><\/div><div class=\"swiper-slide\" role=\"group\" aria-roledescription=\"slide\" aria-label=\"2 of 4\"><figure class=\"swiper-slide-inner\"><img decoding=\"async\" class=\"swiper-slide-image\" src=\"https:\/\/www.wanderingvenezuela.com\/wp-content\/uploads\/elementor\/thumbs\/Endemics-2-qwzuf0umxkoykrr2qydmkrb4mzkudzny1dr23jczy8.jpg\" alt=\"Endemics-2\" \/><\/figure><\/div><div class=\"swiper-slide\" role=\"group\" aria-roledescription=\"slide\" aria-label=\"3 of 4\"><figure class=\"swiper-slide-inner\"><img decoding=\"async\" class=\"swiper-slide-image\" src=\"https:\/\/www.wanderingvenezuela.com\/wp-content\/uploads\/elementor\/thumbs\/Endemics-3-qwzuf1sh4eq8wdpplgs9592l8dg7lorodiejktbls0.jpg\" alt=\"Endemics-3\" \/><\/figure><\/div><div class=\"swiper-slide\" role=\"group\" aria-roledescription=\"slide\" aria-label=\"4 of 4\"><figure class=\"swiper-slide-inner\"><img decoding=\"async\" class=\"swiper-slide-image\" src=\"https:\/\/www.wanderingvenezuela.com\/wp-content\/uploads\/elementor\/thumbs\/Endemics-4-qwzui0y2risxnxe27r3q1i14yas1z6l2s8rwacwq2o.jpg\" alt=\"Endemics-4\" \/><\/figure><\/div>\t\t\t<\/div>\n\t\t\t\t\t\t\t\n\t\t\t\t\t\t\t\t\t<\/div>\n\t\t\t\t\t\t<\/div>\n\t\t\t\t<\/div>\n\t\t\t\t\t<\/div>\n\t\t\t\t<\/div>\n\t\t\t\t<\/div>","protected":false},"excerpt":{"rendered":"<p>Just for Endemics! Birding Tour 28 nights\/29 Days 6 Birders Max Join us for our Just for Endemics! Birding Tour, a specialized 29-day adventure dedicated to the incredible endemic birds of Venezuela. This unique tour takes you through a variety of diverse habitats, from the majestic Andean highlands to the lush lowlands, showcasing the country\u2019s [&hellip;]<\/p>","protected":false},"author":1,"featured_media":0,"parent":0,"menu_order":0,"comment_status":"closed","ping_status":"closed","template":"elementor_header_footer","meta":{"footnotes":""},"class_list":["post-190","page","type-page","status-publish","hentry"],"_links":{"self":[{"href":"https:\/\/www.wanderingvenezuela.com\/es\/wp-json\/wp\/v2\/pages\/190","targetHints":{"allow":["GET"]}}],"collection":[{"href":"https:\/\/www.wanderingvenezuela.com\/es\/wp-json\/wp\/v2\/pages"}],"about":[{"href":"https:\/\/www.wanderingvenezuela.com\/es\/wp-json\/wp\/v2\/types\/page"}],"author":[{"embeddable":true,"href":"https:\/\/www.wanderingvenezuela.com\/es\/wp-json\/wp\/v2\/users\/1"}],"replies":[{"embeddable":true,"href":"https:\/\/www.wanderingvenezuela.com\/es\/wp-json\/wp\/v2\/comments?post=190"}],"version-history":[{"count":0,"href":"https:\/\/www.wanderingvenezuela.com\/es\/wp-json\/wp\/v2\/pages\/190\/revisions"}],"wp:attachment":[{"href":"https:\/\/www.wanderingvenezuela.com\/es\/wp-json\/wp\/v2\/media?parent=190"}],"curies":[{"name":"wp","href":"https:\/\/api.w.org\/{rel}","templated":true}]}}