{"id":195,"date":"2024-11-08T06:44:38","date_gmt":"2024-11-08T06:44:38","guid":{"rendered":"https:\/\/www.wanderingvenezuela.com\/?page_id=195"},"modified":"2024-11-13T11:36:54","modified_gmt":"2024-11-13T11:36:54","slug":"just-for-hummingbirds","status":"publish","type":"page","link":"https:\/\/www.wanderingvenezuela.com\/es\/just-for-hummingbirds\/","title":{"rendered":"S\u00f3lo colibr\u00edes"},"content":{"rendered":"<div data-elementor-type=\"wp-page\" data-elementor-id=\"195\" class=\"elementor elementor-195\" data-elementor-post-type=\"page\">\n\t\t\t\t<div class=\"elementor-element elementor-element-1fc57887 e-flex e-con-boxed e-con e-parent\" data-id=\"1fc57887\" data-element_type=\"container\">\n\t\t\t\t\t<div class=\"e-con-inner\">\n\t\t<div class=\"elementor-element elementor-element-1a833384 e-con-full e-flex e-con e-child\" data-id=\"1a833384\" data-element_type=\"container\" data-settings=\"{&quot;background_background&quot;:&quot;slideshow&quot;,&quot;background_slideshow_gallery&quot;:[{&quot;id&quot;:272,&quot;url&quot;:&quot;https:\\\/\\\/www.wanderingvenezuela.com\\\/wp-content\\\/uploads\\\/2024\\\/11\\\/Hummingbirds-1.jpg&quot;},{&quot;id&quot;:273,&quot;url&quot;:&quot;https:\\\/\\\/www.wanderingvenezuela.com\\\/wp-content\\\/uploads\\\/2024\\\/11\\\/Hummingbirds-2.jpg&quot;}],&quot;background_slideshow_ken_burns&quot;:&quot;yes&quot;,&quot;background_slideshow_loop&quot;:&quot;yes&quot;,&quot;background_slideshow_slide_duration&quot;:5000,&quot;background_slideshow_slide_transition&quot;:&quot;fade&quot;,&quot;background_slideshow_transition_duration&quot;:500,&quot;background_slideshow_ken_burns_zoom_direction&quot;:&quot;in&quot;}\">\n\t\t\t\t<\/div>\n\t\t<div class=\"elementor-element elementor-element-135dec8 e-con-full e-flex e-con e-child\" data-id=\"135dec8\" data-element_type=\"container\">\n\t\t\t\t<div class=\"elementor-element elementor-element-1cf4eabf elementor-widget elementor-widget-heading\" data-id=\"1cf4eabf\" data-element_type=\"widget\" data-widget_type=\"heading.default\">\n\t\t\t\t<div class=\"elementor-widget-container\">\n\t\t\t\t\t<h2 class=\"elementor-heading-title elementor-size-default\">S\u00f3lo colibr\u00edes<\/h2>\t\t\t\t<\/div>\n\t\t\t\t<\/div>\n\t\t\t\t<div class=\"elementor-element elementor-element-583581dd elementor-icon-list--layout-inline elementor-list-item-link-full_width elementor-widget elementor-widget-icon-list\" data-id=\"583581dd\" data-element_type=\"widget\" data-widget_type=\"icon-list.default\">\n\t\t\t\t<div class=\"elementor-widget-container\">\n\t\t\t\t\t\t\t<ul class=\"elementor-icon-list-items elementor-inline-items\">\n\t\t\t\t\t\t\t<li class=\"elementor-icon-list-item elementor-inline-item\">\n\t\t\t\t\t\t\t\t\t\t\t<span class=\"elementor-icon-list-icon\">\n\t\t\t\t\t\t\t<svg aria-hidden=\"true\" class=\"e-font-icon-svg e-fas-moon\" viewbox=\"0 0 512 512\" xmlns=\"http:\/\/www.w3.org\/2000\/svg\"><path d=\"M283.211 512c78.962 0 151.079-35.925 198.857-94.792 7.068-8.708-.639-21.43-11.562-19.35-124.203 23.654-238.262-71.576-238.262-196.954 0-72.222 38.662-138.635 101.498-174.394 9.686-5.512 7.25-20.197-3.756-22.23A258.156 258.156 0 0 0 283.211 0c-141.309 0-256 114.511-256 256 0 141.309 114.511 256 256 256z\"><\/path><\/svg>\t\t\t\t\t\t<\/span>\n\t\t\t\t\t\t\t\t\t\t<span class=\"elementor-icon-list-text\">15 Noches\/16 D\u00edas<\/span>\n\t\t\t\t\t\t\t\t\t<\/li>\n\t\t\t\t\t\t\t\t<li class=\"elementor-icon-list-item elementor-inline-item\">\n\t\t\t\t\t\t\t\t\t\t\t<span class=\"elementor-icon-list-icon\">\n\t\t\t\t\t\t\t<svg aria-hidden=\"true\" class=\"e-font-icon-svg e-fas-binoculars\" viewbox=\"0 0 512 512\" xmlns=\"http:\/\/www.w3.org\/2000\/svg\"><path d=\"M416 48c0-8.84-7.16-16-16-16h-64c-8.84 0-16 7.16-16 16v48h96V48zM63.91 159.99C61.4 253.84 3.46 274.22 0 404v44c0 17.67 14.33 32 32 32h96c17.67 0 32-14.33 32-32V288h32V128H95.84c-17.63 0-31.45 14.37-31.93 31.99zm384.18 0c-.48-17.62-14.3-31.99-31.93-31.99H320v160h32v160c0 17.67 14.33 32 32 32h96c17.67 0 32-14.33 32-32v-44c-3.46-129.78-61.4-150.16-63.91-244.01zM176 32h-64c-8.84 0-16 7.16-16 16v48h96V48c0-8.84-7.16-16-16-16zm48 256h64V128h-64v160z\"><\/path><\/svg>\t\t\t\t\t\t<\/span>\n\t\t\t\t\t\t\t\t\t\t<span class=\"elementor-icon-list-text\">6 observadores de aves como m\u00e1ximo<\/span>\n\t\t\t\t\t\t\t\t\t<\/li>\n\t\t\t\t\t\t<\/ul>\n\t\t\t\t\t\t<\/div>\n\t\t\t\t<\/div>\n\t\t\t\t<div class=\"elementor-element elementor-element-5071dfe5 elementor-widget-divider--view-line elementor-widget elementor-widget-divider\" data-id=\"5071dfe5\" data-element_type=\"widget\" data-widget_type=\"divider.default\">\n\t\t\t\t<div class=\"elementor-widget-container\">\n\t\t\t\t\t\t\t<div class=\"elementor-divider\">\n\t\t\t<span class=\"elementor-divider-separator\">\n\t\t\t\t\t\t<\/span>\n\t\t<\/div>\n\t\t\t\t\t\t<\/div>\n\t\t\t\t<\/div>\n\t\t\t\t<div class=\"elementor-element elementor-element-16081887 elementor-widget elementor-widget-text-editor\" data-id=\"16081887\" data-element_type=\"widget\" data-widget_type=\"text-editor.default\">\n\t\t\t\t<div class=\"elementor-widget-container\">\n\t\t\t\t\t\t\t\t\t<p>Aventura Venezuela\u201d resume maravillosamente el atractivo de explorar los vibrantes ecosistemas de Venezuela, particularmente a trav\u00e9s de la lente de sus excepcionales especies de colibr\u00edes. Con m\u00e1s de 100 especies revoloteando a trav\u00e9s de exuberantes bosques tropicales, bosques nubosos y terrenos monta\u00f1osos, Venezuela presenta un tel\u00f3n de fondo \u00fanico y cautivador tanto para los observadores de aves como para los fot\u00f3grafos de naturaleza. Tanto los fot\u00f3grafos profesionales como los \u00e1vidos observadores de aves se sienten atra\u00eddos por los impresionantes paisajes y la rica biodiversidad de Venezuela, ansiosos por presenciar y documentar la incre\u00edble variedad de colibr\u00edes que habitan la regi\u00f3n.<\/p><p>Para aventureros y entusiastas, un viaje dedicado a los colibr\u00edes en Venezuela promete no s\u00f3lo la emoci\u00f3n de observar especies raras sino tambi\u00e9n la oportunidad de sumergirse en el espectacular paisaje y la riqueza cultural. Esta experiencia puede ser transformadora, fomentando una conexi\u00f3n m\u00e1s profunda con la naturaleza y al mismo tiempo resalta la importancia de la conservaci\u00f3n para preservar estas extraordinarias criaturas y sus h\u00e1bitats.<\/p>\t\t\t\t\t\t\t\t<\/div>\n\t\t\t\t<\/div>\n\t\t\t\t<div class=\"elementor-element elementor-element-7eeac4d0 elementor-align-left elementor-widget elementor-widget-button\" data-id=\"7eeac4d0\" data-element_type=\"widget\" data-widget_type=\"button.default\">\n\t\t\t\t<div class=\"elementor-widget-container\">\n\t\t\t\t\t\t\t\t\t<div class=\"elementor-button-wrapper\">\n\t\t\t\t\t<a class=\"elementor-button elementor-button-link elementor-size-sm\" href=\"#contact\">\n\t\t\t\t\t\t<span class=\"elementor-button-content-wrapper\">\n\t\t\t\t\t\t\t\t\t<span class=\"elementor-button-text\">Reserve ahora<\/span>\n\t\t\t\t\t<\/span>\n\t\t\t\t\t<\/a>\n\t\t\t\t<\/div>\n\t\t\t\t\t\t\t\t<\/div>\n\t\t\t\t<\/div>\n\t\t\t\t<\/div>\n\t\t\t\t\t<\/div>\n\t\t\t\t<\/div>\n\t\t<div class=\"elementor-element elementor-element-39fcec90 e-flex e-con-boxed e-con e-parent\" data-id=\"39fcec90\" data-element_type=\"container\" data-settings=\"{&quot;background_background&quot;:&quot;classic&quot;}\">\n\t\t\t\t\t<div class=\"e-con-inner\">\n\t\t\t\t<div class=\"elementor-element elementor-element-5679421f elementor-widget elementor-widget-heading\" data-id=\"5679421f\" data-element_type=\"widget\" data-widget_type=\"heading.default\">\n\t\t\t\t<div class=\"elementor-widget-container\">\n\t\t\t\t\t<h2 class=\"elementor-heading-title elementor-size-default\">Resaltar aves<\/h2>\t\t\t\t<\/div>\n\t\t\t\t<\/div>\n\t\t\t\t<div class=\"elementor-element elementor-element-6f45d3af elementor-widget elementor-widget-text-editor\" data-id=\"6f45d3af\" data-element_type=\"widget\" data-widget_type=\"text-editor.default\">\n\t\t\t\t<div class=\"elementor-widget-container\">\n\t\t\t\t\t\t\t\t\t<p>Especies mas importantes:<br \/>Pale-bellied Hermit &#8211; Phaethornis anthophilus<br \/>Sooty-capped Hermit &#8211; Phaethornis augusti<br \/>Tepui Goldenthroat &#8211; Polytmus milleri<br \/>Green-breasted Mango &#8211; Anthracothorax prevostii<br \/>Orange-throated Sunangel &#8211; Heliangelus mavors<br \/>Merida Sunangel &#8211; Heliangelus spencei<br \/>Spangled Coquette &#8211; Lophornis stictolophus<br \/>Venezuelan Sylph &#8211; Aglaiocercus berlepschi<br \/>White-bearded Helmetcrest &#8211; Oxypogon lindenii<br \/>Coppery-bellied Puffleg &#8211; Eriocnemis cupreoventris<br \/>Green Inca &#8211; Coeligena conradii<br \/>Merida Starfrontlet &#8211; Coeligena eos<br \/>Blue-throated Starfrontlet &#8211; Coeligena helianthea<br \/>Violet-chested Hummingbird &#8211; Sternoclyta cyanopectus<br \/>Gorgeted Woodstar &#8211; Chaetocercus heliodor<br \/>Rufous-shafted Woodstar &#8211; Chaetocercus jourdanii<br \/>Red-billed Emerald &#8211; Chlorostilbon gibsoni<br \/>Short-tailed Emerald &#8211; Chlorostilbon poortmani<br \/>Narrow-tailed Emerald &#8211; Chlorostilbon stenurus<br \/>Green-tailed Emerald &#8211; Chlorostilbon alice<br \/>White-tailed Sabrewing &#8211; Campylopterus ensipennis<br \/>Buffy Hummingbird &#8211; Leucippus fallax<br \/>Steely-vented Hummingbird &#8211; Saucerottia saucerottei<br \/>Green-bellied Hummingbird &#8211; Saucerottia viridigaster<br \/>Copper-rumped Hummingbird &#8211; Saucerottia tobaci<br \/>Shining-green Hummingbird &#8211; Chrysuronia goudoti<\/p>\t\t\t\t\t\t\t\t<\/div>\n\t\t\t\t<\/div>\n\t\t\t\t<div class=\"elementor-element elementor-element-7774fb98 elementor-align-center elementor-widget elementor-widget-button\" data-id=\"7774fb98\" data-element_type=\"widget\" data-widget_type=\"button.default\">\n\t\t\t\t<div class=\"elementor-widget-container\">\n\t\t\t\t\t\t\t\t\t<div class=\"elementor-button-wrapper\">\n\t\t\t\t\t<a class=\"elementor-button elementor-button-link elementor-size-sm\" href=\"#contact\">\n\t\t\t\t\t\t<span class=\"elementor-button-content-wrapper\">\n\t\t\t\t\t\t\t\t\t<span class=\"elementor-button-text\">Reserve ahora<\/span>\n\t\t\t\t\t<\/span>\n\t\t\t\t\t<\/a>\n\t\t\t\t<\/div>\n\t\t\t\t\t\t\t\t<\/div>\n\t\t\t\t<\/div>\n\t\t\t\t\t<\/div>\n\t\t\t\t<\/div>\n\t\t<div class=\"elementor-element elementor-element-40861281 e-flex e-con-boxed e-con e-parent\" data-id=\"40861281\" data-element_type=\"container\">\n\t\t\t\t\t<div class=\"e-con-inner\">\n\t\t\t\t<div class=\"elementor-element elementor-element-71d70265 elementor-widget elementor-widget-heading\" data-id=\"71d70265\" data-element_type=\"widget\" data-widget_type=\"heading.default\">\n\t\t\t\t<div class=\"elementor-widget-container\">\n\t\t\t\t\t<h2 class=\"elementor-heading-title elementor-size-default\">Galeria<\/h2>\t\t\t\t<\/div>\n\t\t\t\t<\/div>\n\t\t\t\t<div class=\"elementor-element elementor-element-396160d4 elementor-widget elementor-widget-image-carousel\" data-id=\"396160d4\" data-element_type=\"widget\" data-settings=\"{&quot;slides_to_show&quot;:&quot;2&quot;,&quot;navigation&quot;:&quot;none&quot;,&quot;autoplay&quot;:&quot;yes&quot;,&quot;pause_on_hover&quot;:&quot;yes&quot;,&quot;pause_on_interaction&quot;:&quot;yes&quot;,&quot;autoplay_speed&quot;:5000,&quot;infinite&quot;:&quot;yes&quot;,&quot;speed&quot;:500}\" data-widget_type=\"image-carousel.default\">\n\t\t\t\t<div class=\"elementor-widget-container\">\n\t\t\t\t\t\t\t<div class=\"elementor-image-carousel-wrapper swiper\" role=\"region\" aria-roledescription=\"carousel\" aria-label=\"Image Carousel\" dir=\"ltr\">\n\t\t\t<div class=\"elementor-image-carousel swiper-wrapper\" aria-live=\"off\">\n\t\t\t\t\t\t\t\t<div class=\"swiper-slide\" role=\"group\" aria-roledescription=\"slide\" aria-label=\"1 of 2\"><figure class=\"swiper-slide-inner\"><img decoding=\"async\" class=\"swiper-slide-image\" src=\"https:\/\/www.wanderingvenezuela.com\/wp-content\/uploads\/elementor\/thumbs\/Hummingbirds-2-qwzulg2xmticlqfmqucjespjcjlfwd4oteh971mku8.jpg\" alt=\"Hummingbirds-2\" \/><\/figure><\/div><div class=\"swiper-slide\" role=\"group\" aria-roledescription=\"slide\" aria-label=\"2 of 2\"><figure class=\"swiper-slide-inner\"><img decoding=\"async\" class=\"swiper-slide-image\" src=\"https:\/\/www.wanderingvenezuela.com\/wp-content\/uploads\/elementor\/thumbs\/Hummingbirds-1-qwzule7995fryiid1tja9t6m5rupgyx8556a8hpd6o.jpg\" alt=\"Hummingbirds-1\" \/><\/figure><\/div>\t\t\t<\/div>\n\t\t\t\t\t\t\t\n\t\t\t\t\t\t\t\t\t<\/div>\n\t\t\t\t\t\t<\/div>\n\t\t\t\t<\/div>\n\t\t\t\t\t<\/div>\n\t\t\t\t<\/div>\n\t\t\t\t<\/div>","protected":false},"excerpt":{"rendered":"<p>Just for Hummingbirds 15 nights\/16 Days 6 Birders Max Adventure Venezuela&#8221; beautifully encapsulates the allure of exploring Venezuela&#8217;s vibrant ecosystems, particularly through the lens of its exceptional hummingbird species. With over 100 species fluttering through lush rainforests, cloud forests, and mountainous terrains, Venezuela presents a unique and captivating backdrop for both birdwatchers and nature photographers. [&hellip;]<\/p>","protected":false},"author":1,"featured_media":0,"parent":0,"menu_order":0,"comment_status":"closed","ping_status":"closed","template":"elementor_header_footer","meta":{"footnotes":""},"class_list":["post-195","page","type-page","status-publish","hentry"],"_links":{"self":[{"href":"https:\/\/www.wanderingvenezuela.com\/es\/wp-json\/wp\/v2\/pages\/195","targetHints":{"allow":["GET"]}}],"collection":[{"href":"https:\/\/www.wanderingvenezuela.com\/es\/wp-json\/wp\/v2\/pages"}],"about":[{"href":"https:\/\/www.wanderingvenezuela.com\/es\/wp-json\/wp\/v2\/types\/page"}],"author":[{"embeddable":true,"href":"https:\/\/www.wanderingvenezuela.com\/es\/wp-json\/wp\/v2\/users\/1"}],"replies":[{"embeddable":true,"href":"https:\/\/www.wanderingvenezuela.com\/es\/wp-json\/wp\/v2\/comments?post=195"}],"version-history":[{"count":0,"href":"https:\/\/www.wanderingvenezuela.com\/es\/wp-json\/wp\/v2\/pages\/195\/revisions"}],"wp:attachment":[{"href":"https:\/\/www.wanderingvenezuela.com\/es\/wp-json\/wp\/v2\/media?parent=195"}],"curies":[{"name":"wp","href":"https:\/\/api.w.org\/{rel}","templated":true}]}}